{"id":35,"date":"2015-10-11T17:09:00","date_gmt":"2015-10-11T15:09:00","guid":{"rendered":"http:\/\/carolinkunert.com\/?page_id=35"},"modified":"2024-01-16T11:56:28","modified_gmt":"2024-01-16T10:56:28","slug":"ueber-mich","status":"publish","type":"page","link":"https:\/\/carolinkunert.com\/","title":{"rendered":"\u00dcber mich"},"content":{"rendered":"\t\t<div data-elementor-type=\"wp-page\" data-elementor-id=\"35\" class=\"elementor elementor-35\">\n\t\t\t\t\t\t\t\t\t<section class=\"elementor-section elementor-top-section elementor-element elementor-element-32ecc0d elementor-section-full_width elementor-section-height-min-height elementor-section-height-default elementor-section-items-middle\" data-id=\"32ecc0d\" data-element_type=\"section\" data-settings=\"{&quot;background_background&quot;:&quot;slideshow&quot;,&quot;background_slideshow_gallery&quot;:[{&quot;id&quot;:831,&quot;url&quot;:&quot;http:\\\/\\\/carolinkunert.com\\\/wp-content\\\/uploads\\\/2024\\\/01\\\/carolin-kunert-bild-1-scaled.jpg&quot;}],&quot;background_slideshow_loop&quot;:&quot;yes&quot;,&quot;background_slideshow_slide_duration&quot;:5000,&quot;background_slideshow_slide_transition&quot;:&quot;fade&quot;,&quot;background_slideshow_transition_duration&quot;:500}\">\n\t\t\t\t\t\t<div class=\"elementor-container elementor-column-gap-default\">\n\t\t\t\t\t<div class=\"elementor-column elementor-col-100 elementor-top-column elementor-element elementor-element-0e09fe5\" data-id=\"0e09fe5\" data-element_type=\"column\">\n\t\t\t<div class=\"elementor-widget-wrap\">\n\t\t\t\t\t\t\t\t\t<\/div>\n\t\t<\/div>\n\t\t\t\t\t\t\t<\/div>\n\t\t<\/section>\n\t\t\t\t<section class=\"elementor-section elementor-top-section elementor-element elementor-element-591317e elementor-section-boxed elementor-section-height-default elementor-section-height-default\" data-id=\"591317e\" data-element_type=\"section\">\n\t\t\t\t\t\t<div class=\"elementor-container elementor-column-gap-default\">\n\t\t\t\t\t<div class=\"elementor-column elementor-col-100 elementor-top-column elementor-element elementor-element-4ceacf9\" data-id=\"4ceacf9\" data-element_type=\"column\">\n\t\t\t<div class=\"elementor-widget-wrap\">\n\t\t\t\t\t\t\t\t\t<\/div>\n\t\t<\/div>\n\t\t\t\t\t\t\t<\/div>\n\t\t<\/section>\n\t\t\t\t<section class=\"elementor-section elementor-top-section elementor-element elementor-element-1b29b9c elementor-section-boxed elementor-section-height-default elementor-section-height-default\" data-id=\"1b29b9c\" data-element_type=\"section\">\n\t\t\t\t\t\t<div class=\"elementor-container elementor-column-gap-default\">\n\t\t\t\t\t<div class=\"elementor-column elementor-col-100 elementor-top-column elementor-element elementor-element-f71a92c\" data-id=\"f71a92c\" data-element_type=\"column\">\n\t\t\t<div class=\"elementor-widget-wrap elementor-element-populated\">\n\t\t\t\t\t\t\t\t<div class=\"elementor-element elementor-element-34f99a3 elementor-widget elementor-widget-image\" data-id=\"34f99a3\" data-element_type=\"widget\" data-widget_type=\"image.default\">\n\t\t\t\t<div class=\"elementor-widget-container\">\n\t\t\t<style>\/*! elementor - v3.18.0 - 20-12-2023 *\/\n.elementor-widget-image{text-align:center}.elementor-widget-image a{display:inline-block}.elementor-widget-image a img[src$=\".svg\"]{width:48px}.elementor-widget-image img{vertical-align:middle;display:inline-block}<\/style>\t\t\t\t\t\t\t\t\t\t\t\t<img decoding=\"async\" width=\"800\" height=\"58\" src=\"https:\/\/carolinkunert.com\/wp-content\/uploads\/2023\/03\/logos_knister_presse_33204e44-a0f0-4ac5-ac7a-ada56e7070db_1600x.jpg-800x58.webp\" class=\"attachment-large size-large wp-image-799\" alt=\"\" srcset=\"https:\/\/carolinkunert.com\/wp-content\/uploads\/2023\/03\/logos_knister_presse_33204e44-a0f0-4ac5-ac7a-ada56e7070db_1600x.jpg-800x58.webp 800w, https:\/\/carolinkunert.com\/wp-content\/uploads\/2023\/03\/logos_knister_presse_33204e44-a0f0-4ac5-ac7a-ada56e7070db_1600x.jpg-300x22.webp 300w, https:\/\/carolinkunert.com\/wp-content\/uploads\/2023\/03\/logos_knister_presse_33204e44-a0f0-4ac5-ac7a-ada56e7070db_1600x.jpg-768x56.webp 768w, https:\/\/carolinkunert.com\/wp-content\/uploads\/2023\/03\/logos_knister_presse_33204e44-a0f0-4ac5-ac7a-ada56e7070db_1600x.jpg-1536x111.webp 1536w, https:\/\/carolinkunert.com\/wp-content\/uploads\/2023\/03\/logos_knister_presse_33204e44-a0f0-4ac5-ac7a-ada56e7070db_1600x.jpg.webp 1600w\" sizes=\"(max-width: 800px) 100vw, 800px\" \/>\t\t\t\t\t\t\t\t\t\t\t\t\t\t\t<\/div>\n\t\t\t\t<\/div>\n\t\t\t\t\t<\/div>\n\t\t<\/div>\n\t\t\t\t\t\t\t<\/div>\n\t\t<\/section>\n\t\t\t\t<section class=\"elementor-section elementor-top-section elementor-element elementor-element-51f66af6 elementor-section-boxed elementor-section-height-default elementor-section-height-default\" data-id=\"51f66af6\" data-element_type=\"section\">\n\t\t\t\t\t\t<div class=\"elementor-container elementor-column-gap-default\">\n\t\t\t\t\t<div class=\"elementor-column elementor-col-100 elementor-top-column elementor-element elementor-element-6245194c\" data-id=\"6245194c\" data-element_type=\"column\">\n\t\t\t<div class=\"elementor-widget-wrap elementor-element-populated\">\n\t\t\t\t\t\t\t\t<div class=\"elementor-element elementor-element-28cc0e08 elementor-widget-tablet__width-initial elementor-widget elementor-widget-text-editor\" data-id=\"28cc0e08\" data-element_type=\"widget\" data-widget_type=\"text-editor.default\">\n\t\t\t\t<div class=\"elementor-widget-container\">\n\t\t\t<style>\/*! elementor - v3.18.0 - 20-12-2023 *\/\n.elementor-widget-text-editor.elementor-drop-cap-view-stacked .elementor-drop-cap{background-color:#69727d;color:#fff}.elementor-widget-text-editor.elementor-drop-cap-view-framed .elementor-drop-cap{color:#69727d;border:3px solid;background-color:transparent}.elementor-widget-text-editor:not(.elementor-drop-cap-view-default) .elementor-drop-cap{margin-top:8px}.elementor-widget-text-editor:not(.elementor-drop-cap-view-default) .elementor-drop-cap-letter{width:1em;height:1em}.elementor-widget-text-editor .elementor-drop-cap{float:left;text-align:center;line-height:1;font-size:50px}.elementor-widget-text-editor .elementor-drop-cap-letter{display:inline-block}<\/style>\t\t\t\t<h4>Servus\u00a0<\/h4>\n<p style=\"text-align: justify;\">Ich bin Carolin Kunert &#8211; eine energiegeladene, zielstrebige und ergebnisorientierte Unternehmerin mit einer enormen F\u00e4higkeit, Probleme zu l\u00f6sen. Ich sehe immer das gro\u00dfe Ganze, \u00fcbernehme gerne Verantwortung und kann schnell in verschiedene M\u00e4rkte eintauchen.<span class=\"Apple-converted-space\">\u00a0<\/span><\/p>\n<p>Aufgrund meiner Vergangenheit als Gr\u00fcnderin von Knister Grill bin ich definitiv ein kreatives Allround-Talent. <br \/>Ich konnte viel Erfahrung in den Bereichen Strategie, Marketing, Branding, Produkt- und Innovationsmanagement, Supply-Chain-Management, PR, D2C- und B2B-Vertrieb, Finanzen, Recht und M&amp;A sammeln.<\/p>\n<p>\u00a0<\/p>\n<h4>Fun Facts \u00fcber mich<\/h4>\n<ul>\n<li>J\u00fcngste Deutsche auf der &#8222;Forbes 30 unter 30&#8220; in Europa von 2020.<\/li>\n<li>Ich gr\u00fcndete alleine ein Startup mit nur 500 \u20ac auf der Bank und wuchs innerhalb von 5 Jahren zu einem Unternehmen mit mehreren Millionen Euro Umsatz.<span class=\"Apple-converted-space\">\u00a0<\/span><\/li>\n<li>Ich baute ein hocheffizientes Team mit einem Pro-Kopf-Umsatz von \u00fcber 500.000 \u20ac auf.<span class=\"Apple-converted-space\">\u00a0<\/span><\/li>\n<li>Buchautorin, zweite Auflage auf dem Markt.<\/li>\n<li>Ich habe eine 6-stellige Finanzierungsrunde innerhalb von 7 Tagen geclosed.<\/li>\n<\/ul>\n<h4><span style=\"font-family: inherit; font-size: 1.5rem; text-align: justify;\">\u00a0<\/span><\/h4>\n<h4 style=\"text-align: justify;\">Werte<\/h4>\n<p style=\"text-align: justify;\">In allem was ich tu, steht der Mensch im Vordergrund. Zuerst einmal m\u00f6chte ich Menschen nicht ungl\u00fccklich machen. Klingt vorerst banal, aber erst durch eine unaufdringliche Gestaltung, die einwandfreie,\u00a0 langj\u00e4hrige Benutzung und Zufriedenheit gew\u00e4hrleistet, wird dies erreicht. Des Weiteren m\u00f6chte ich Menschen gl\u00fccklich machen und die <em>Zufriedenheit<\/em> \u00fcberbieten. Ich versuche Freude, Spa\u00df, Erleichterung, Stolz und andere positive Emotionen bei den Benutzern auszul\u00f6sen, indem ich clevere Produkte mit Leichtigkeit und Innovation entwickle, die den Alltag der Nutzer verbessern. Denn ein L\u00e4cheln auf den Lippen der Nutzer f\u00fchrt immer zu einem zufriedenen Produzenten.<\/p>\n<p style=\"text-align: justify;\">Das Besondere an diesem Beruf ist doch, stets Verantwortung zu tragen und Entscheidungen zu treffen, die Einfluss auf die wirtschaftliche Entwicklung der Unternehmen, Wohlbefinden der Benutzer und auch auf die Umwelt haben. Demnach ist es mir wichtig, Nachhaltigkeit und Umweltfreundlichkeit in all meinen Produkten wieder zu finden.<\/p>\n<p><!-- wp:preformatted --><\/p>\n<pre class=\"wp-block-preformatted\">\u00a0<\/pre>\n<p><!-- \/wp:preformatted --><\/p>\t\t\t\t\t\t<\/div>\n\t\t\t\t<\/div>\n\t\t\t\t\t<\/div>\n\t\t<\/div>\n\t\t\t\t\t\t\t<\/div>\n\t\t<\/section>\n\t\t\t\t<section class=\"elementor-section elementor-top-section elementor-element elementor-element-3147552 elementor-section-boxed elementor-section-height-default elementor-section-height-default\" data-id=\"3147552\" data-element_type=\"section\" data-settings=\"{&quot;background_background&quot;:&quot;classic&quot;}\">\n\t\t\t\t\t\t<div class=\"elementor-container elementor-column-gap-default\">\n\t\t\t\t\t<div class=\"elementor-column elementor-col-50 elementor-top-column elementor-element elementor-element-3ca3cc0\" data-id=\"3ca3cc0\" data-element_type=\"column\">\n\t\t\t<div class=\"elementor-widget-wrap elementor-element-populated\">\n\t\t\t\t\t\t\t\t<div class=\"elementor-element elementor-element-87848a9 elementor-widget elementor-widget-image\" data-id=\"87848a9\" data-element_type=\"widget\" data-widget_type=\"image.default\">\n\t\t\t\t<div class=\"elementor-widget-container\">\n\t\t\t\t\t\t\t\t\t\t\t\t\t\t\t<img fetchpriority=\"high\" decoding=\"async\" width=\"944\" height=\"1536\" src=\"https:\/\/carolinkunert.com\/wp-content\/uploads\/2024\/01\/DSC00600-944x1536.jpg\" class=\"attachment-1536x1536 size-1536x1536 wp-image-863\" alt=\"Carolin Kunert\" srcset=\"https:\/\/carolinkunert.com\/wp-content\/uploads\/2024\/01\/DSC00600-944x1536.jpg 944w, https:\/\/carolinkunert.com\/wp-content\/uploads\/2024\/01\/DSC00600-184x300.jpg 184w, https:\/\/carolinkunert.com\/wp-content\/uploads\/2024\/01\/DSC00600-630x1024.jpg 630w, https:\/\/carolinkunert.com\/wp-content\/uploads\/2024\/01\/DSC00600-123x200.jpg 123w, https:\/\/carolinkunert.com\/wp-content\/uploads\/2024\/01\/DSC00600-768x1249.jpg 768w, https:\/\/carolinkunert.com\/wp-content\/uploads\/2024\/01\/DSC00600-1259x2048.jpg 1259w, https:\/\/carolinkunert.com\/wp-content\/uploads\/2024\/01\/DSC00600-scaled.jpg 1574w\" sizes=\"(max-width: 944px) 100vw, 944px\" \/>\t\t\t\t\t\t\t\t\t\t\t\t\t\t\t<\/div>\n\t\t\t\t<\/div>\n\t\t\t\t\t<\/div>\n\t\t<\/div>\n\t\t\t\t<div class=\"elementor-column elementor-col-50 elementor-top-column elementor-element elementor-element-4110ce5\" data-id=\"4110ce5\" data-element_type=\"column\">\n\t\t\t<div class=\"elementor-widget-wrap elementor-element-populated\">\n\t\t\t\t\t\t\t\t<div class=\"elementor-element elementor-element-b8c6299 elementor-widget elementor-widget-text-editor\" data-id=\"b8c6299\" data-element_type=\"widget\" data-widget_type=\"text-editor.default\">\n\t\t\t\t<div class=\"elementor-widget-container\">\n\t\t\t\t\t\t\t<h4>Kompetenzen<\/h4>\n<p>Eine meiner Kernkompetenzen ist das Erkennen und L\u00f6sen von Problemen heutiger Produkte. Beobachten, hinterfragen, recherchieren, zeichnen, bauen von Prototypen und MVPs ist jeden Tag Bestandteil meiner Arbeit.<\/p>\n<p>Durch die Gr\u00fcndung meines eigenen Unternehmens und durch die Betreuung von Start-Ups und gr\u00f6\u00dferen Firmen, gestalte ich sehr markenspezifisch und nah am Kunden. Ich entwickle Gesch\u00e4ftsideen mit Wert und baue oft eine gesamte Corporate Identity auf.<\/p>\n<p>Des Weiteren begeistere ich mich sehr f\u00fcr Design- und Kommunikationstherorie, weil diese, meiner Meinung nach, der Grundstein f\u00fcr eine ganzheitlich gute Gestaltung ist.\u00a0 Au\u00dferdem bringe ich breites Wissen in den Bereichen Wirtschaft, Marketing, Psychologie und Maschinenbau, um eine reibungslose Zusammenarbeit mit den einzelnen Berufsgruppen zu gew\u00e4hrleisten.<\/p>\t\t\t\t\t\t<\/div>\n\t\t\t\t<\/div>\n\t\t\t\t\t<\/div>\n\t\t<\/div>\n\t\t\t\t\t\t\t<\/div>\n\t\t<\/section>\n\t\t\t\t<section class=\"elementor-section elementor-top-section elementor-element elementor-element-2386e13 elementor-section-boxed elementor-section-height-default elementor-section-height-default\" data-id=\"2386e13\" data-element_type=\"section\">\n\t\t\t\t\t\t<div class=\"elementor-container elementor-column-gap-default\">\n\t\t\t\t\t<div class=\"elementor-column elementor-col-100 elementor-top-column elementor-element elementor-element-43bdfe1\" data-id=\"43bdfe1\" data-element_type=\"column\">\n\t\t\t<div class=\"elementor-widget-wrap elementor-element-populated\">\n\t\t\t\t\t\t\t\t<div class=\"elementor-element elementor-element-481260b elementor-widget elementor-widget-text-editor\" data-id=\"481260b\" data-element_type=\"widget\" data-widget_type=\"text-editor.default\">\n\t\t\t\t<div class=\"elementor-widget-container\">\n\t\t\t\t\t\t\t<h4>Ausbildung<\/h4>\n<p>Ich studierte Industriedesign in M\u00fcnchen und Integrated Design an University of southern Denmark in Odense. Nachdem ich 2013 das Gymnasium mit dem Abitur in M\u00fcnchen abschloss, hatte ich das Gl\u00fcck, wertvolle Erfahrungen in der Industrie zu sammeln und fing an in diversen Betrieben zu arbeiten und absolvierte Praktika bei Industriedesignern und Innnenarchitekten. Anschlie\u00dfend sammelte ich Erfahrung bei diversen Lichtplanern, Einrichtungs- und Sportgesch\u00e4ften und Designagenturen. Ich arbeitete bei Ph\u00f6nix Design in M\u00fcnchen und Stuttgart f\u00fcr namenhafte Kunden wie Huawei, Deutsche Telekom, Shapes, K\u00e4stle, Wiesheu und vielen mehr. Seit 2015 arbeite ich selbstst\u00e4ndig f\u00fcr kleinere Kunden im Bereich Grafik- und Webdesign. Im Sommer 2017 gr\u00fcndete ich mit Freunden mein erstes kleines Unternehmen mit dem Namen Scalp Cover, bei dem wir flexlible Helm\u00fcberz\u00fcge auf den Mark bringen (<a href=\"http:\/\/www.scalp-cover.com\" target=\"_blank\" rel=\"noopener\">scalp-cover.com<\/a>). Anschlie\u00dfend gr\u00fcndete ich 2018 die Marke Knister Grill (<a href=\"http:\/\/www.knister-grill.com\">knister-grill.com<\/a>).\u00a0<\/p>\t\t\t\t\t\t<\/div>\n\t\t\t\t<\/div>\n\t\t\t\t\t<\/div>\n\t\t<\/div>\n\t\t\t\t\t\t\t<\/div>\n\t\t<\/section>\n\t\t\t\t\t\t\t<\/div>\n\t\t","protected":false},"excerpt":{"rendered":"<p>Servus\u00a0 Ich bin Carolin Kunert &#8211; eine energiegeladene, zielstrebige und ergebnisorientierte Unternehmerin mit einer enormen F\u00e4higkeit, Probleme zu l\u00f6sen. Ich sehe immer das gro\u00dfe Ganze, \u00fcbernehme gerne Verantwortung und kann schnell in verschiedene M\u00e4rkte eintauchen.\u00a0 Aufgrund meiner Vergangenheit als Gr\u00fcnderin von Knister Grill bin ich definitiv ein kreatives Allround-Talent. Ich konnte viel Erfahrung in den [&hellip;]<\/p>\n","protected":false},"author":2,"featured_media":0,"parent":0,"menu_order":0,"comment_status":"closed","ping_status":"closed","template":"","meta":[],"_links":{"self":[{"href":"https:\/\/carolinkunert.com\/index.php\/wp-json\/wp\/v2\/pages\/35"}],"collection":[{"href":"https:\/\/carolinkunert.com\/index.php\/wp-json\/wp\/v2\/pages"}],"about":[{"href":"https:\/\/carolinkunert.com\/index.php\/wp-json\/wp\/v2\/types\/page"}],"author":[{"embeddable":true,"href":"https:\/\/carolinkunert.com\/index.php\/wp-json\/wp\/v2\/users\/2"}],"replies":[{"embeddable":true,"href":"https:\/\/carolinkunert.com\/index.php\/wp-json\/wp\/v2\/comments?post=35"}],"version-history":[{"count":121,"href":"https:\/\/carolinkunert.com\/index.php\/wp-json\/wp\/v2\/pages\/35\/revisions"}],"predecessor-version":[{"id":900,"href":"https:\/\/carolinkunert.com\/index.php\/wp-json\/wp\/v2\/pages\/35\/revisions\/900"}],"wp:attachment":[{"href":"https:\/\/carolinkunert.com\/index.php\/wp-json\/wp\/v2\/media?parent=35"}],"curies":[{"name":"wp","href":"https:\/\/api.w.org\/{rel}","templated":true}]}}